{"id":539,"date":"2018-11-24T13:53:30","date_gmt":"2018-11-24T12:53:30","guid":{"rendered":"https:\/\/trotamundoscirco.com\/egutegia\/"},"modified":"2025-01-20T14:17:15","modified_gmt":"2025-01-20T13:17:15","slug":"egutegia","status":"publish","type":"page","link":"https:\/\/trotamundoscirco.com\/eu\/egutegia\/","title":{"rendered":"Agenda"},"content":{"rendered":"\n<div class=\"wp-block-greenshift-blocks-row gspb_row gspb_row-id-gsbp-68822e6\" id=\"gspb_row-id-gsbp-68822e6\"><div class=\"gspb_row__content\"> \n<div class=\"wp-block-greenshift-blocks-row-column gspb_row__col--12 gspb_col-id-gsbp-5e3760c\" id=\"gspb_col-id-gsbp-5e3760c\">\n<h1 id=\"gspb_heading-id-gsbp-54ca235\" class=\"gspb_heading gspb_heading-id-gsbp-54ca235 \">Agenda<\/h1>\n\n\n\n<div class=\"wp-block-greenshift-blocks-row gspb_row gspb_row-id-gsbp-0797cb6\" id=\"gspb_row-id-gsbp-0797cb6\"><div class=\"gspb_row__content\"> \n<div class=\"wp-block-greenshift-blocks-row-column gspb_row__col--12 gspb_col-id-gsbp-b8690f5\" id=\"gspb_col-id-gsbp-b8690f5\">\n<div class=\"wp-block-greenshift-blocks-tabs gspb-tabs gspb_tabs-id-gsbp-41a4efe gstabs-vertical tabscroll\" data-autoplay=\"false\" data-autoplaytime=\"4\"><div class=\"t-btn-container\" role=\"tablist\"><button class=\"t-btn active\" aria-selected=\"true\" role=\"tab\" tabindex=\"0\" id=\"gspb-tab-item-btn-gsbp-41a4efe-0\" aria-controls=\"gspb-tab-item-content-gsbp-41a4efe-0\"><div class=\"tabtitlelabel\">2024<\/div><\/button><button class=\"t-btn\" aria-selected=\"false\" role=\"tab\" tabindex=\"-1\" id=\"gspb-tab-item-btn-gsbp-41a4efe-1\" aria-controls=\"gspb-tab-item-content-gsbp-41a4efe-1\"><div class=\"tabtitlelabel\">2023<\/div><\/button><button class=\"t-btn\" aria-selected=\"false\" role=\"tab\" tabindex=\"-1\" id=\"gspb-tab-item-btn-gsbp-41a4efe-2\" aria-controls=\"gspb-tab-item-content-gsbp-41a4efe-2\"><div class=\"tabtitlelabel\">2022<\/div><\/button><button class=\"t-btn\" aria-selected=\"false\" role=\"tab\" tabindex=\"-1\" id=\"gspb-tab-item-btn-gsbp-41a4efe-3\" aria-controls=\"gspb-tab-item-content-gsbp-41a4efe-3\"><div class=\"tabtitlelabel\">2021<\/div><\/button><button class=\"t-btn\" aria-selected=\"false\" role=\"tab\" tabindex=\"-1\" id=\"gspb-tab-item-btn-gsbp-41a4efe-4\" aria-controls=\"gspb-tab-item-content-gsbp-41a4efe-4\"><div class=\"tabtitlelabel\">2020<\/div><\/button><button class=\"t-btn\" aria-selected=\"false\" role=\"tab\" tabindex=\"-1\" id=\"gspb-tab-item-btn-gsbp-41a4efe-5\" aria-controls=\"gspb-tab-item-content-gsbp-41a4efe-5\"><div class=\"tabtitlelabel\">2019<\/div><\/button><button class=\"t-btn\" aria-selected=\"false\" role=\"tab\" tabindex=\"-1\" id=\"gspb-tab-item-btn-gsbp-41a4efe-6\" aria-controls=\"gspb-tab-item-content-gsbp-41a4efe-6\"><div class=\"tabtitlelabel\">2018<\/div><\/button><button class=\"t-btn\" aria-selected=\"false\" role=\"tab\" tabindex=\"-1\" id=\"gspb-tab-item-btn-gsbp-41a4efe-7\" aria-controls=\"gspb-tab-item-content-gsbp-41a4efe-7\"><div class=\"tabtitlelabel\">2017<\/div><\/button><button class=\"t-btn\" aria-selected=\"false\" role=\"tab\" tabindex=\"-1\" id=\"gspb-tab-item-btn-gsbp-41a4efe-8\" aria-controls=\"gspb-tab-item-content-gsbp-41a4efe-8\"><div class=\"tabtitlelabel\">2016<\/div><\/button><\/div><div class=\"t-panel-container\"><div class=\"gswipertabs\"><div class=\"swiper-wrapper\">\n<div aria-labelledby=\"gspb-tab-item-btn-gsbp-41a4efe-0\" id=\"gspb-tab-item-content-gsbp-41a4efe-0\" role=\"tabpanel\" tabindex=\"0\" class=\"t-panel swiper-slide active\"><div class=\"wp-block-greenshift-blocks-tab\">\n<div class=\"wp-block-columns is-layout-flex wp-container-core-columns-is-layout-1 wp-block-columns-is-layout-flex\">\n<div class=\"wp-block-column is-layout-flow wp-block-column-is-layout-flow\">\n<h4 class=\"wp-block-heading\" id=\"historias-de-un-baul\">Historias de un b\u00e1ul<\/h4>\n\n\n\n<p>201) Basque Fest (bilbao) 28\/03<br\/>202) Centro comercial Artea (Leioa) 27\/07<br\/>203) Carrizo de la Ribera (Le\u00f3n) 03\/08<br\/>204) Arrieta (bizkaia) 04\/08<br\/>205) Benavides de \u00d3rbigo (Le\u00f3n) 07\/08<br\/>206) Kareaga (Bizkaia) 08\/09<br\/>207) Camponaraya (Le\u00f3n) 14\/09<br\/>208) Valderas (Le\u00f3n) 06\/12<br\/>209) Centro c\u00edvico Salburua (Gasteiz) 26\/12<\/p>\n<\/div>\n\n\n\n<div class=\"wp-block-column is-layout-flow wp-block-column-is-layout-flow\">\n<h4 class=\"wp-block-heading\" id=\"historias-de-un-baul\">Finito Infinito<\/h4>\n\n\n\n<p>1) Festival BAJ, Barakaldo 27\/04<br\/>2) Garaion Sorgingunea, \u00c1lava 10\/05<br\/>3) Umore Azoka, Leioa (Estreno) 18\/05<br\/>4) Festival de circo de Villaquilambre, Le\u00f3n 25\/05<br\/>5) Hernani, Gipuzkoa 27\/06<br\/>6) Zarautz, Gipuzkoa 01\/08<br\/>7) Fiestas de Vitoria-Gasteiz, \u00c1lava 05\/08<br\/>8) Festival de teatro de Araia, Lantziego, \u00c1lava 17\/08<br\/>9) Festival de teatro de Araia, Araia, \u00c1lava 18\/08<br\/>10) Festival de las Murallas, Iru\u00f1a, Navarra 20\/08<br\/>11) Festival de teatro de Araia, Elciego, \u00c1lava 22\/08<br\/>12) Festival de teatro de Araia, Korres, \u00c1lava 23\/08<br\/>13) Festival de teatro de Araia, Abezia, \u00c1lava 24\/08<br\/>14) Festival Cir&amp;ko, Las Navas del Marqu\u00e9s, \u00c1vila 30\/08<br\/>15) Festival Cir&amp;ko \u00c1vila, \u00c1vila 31\/08<br\/>16) Gordoncillo, Le\u00f3n 07\/09<br\/>17) Fiestas de Durango, Bizkaia 18\/10<br\/>18) Barakaldo, Bizkaia 27\/12<\/p>\n<\/div>\n<\/div>\n<\/div><\/div>\n\n\n\n<div aria-labelledby=\"gspb-tab-item-btn-gsbp-41a4efe-1\" id=\"gspb-tab-item-content-gsbp-41a4efe-1\" role=\"tabpanel\" tabindex=\"0\" class=\"t-panel swiper-slide\"><div class=\"wp-block-greenshift-blocks-tab\">\n<p>172 Sesc Sorocaba (S.P, Brasil) 14\/01<br\/>173 Sesc Sao Jos\u00e9 Dos Campos (S.P, Brasil) 15\/01<br\/>174\/176 Sesc Pinheiros (S.P, Brasil) 20,21 y 25\/01<br\/>177 Sesc Guarulhos (S.P, Brasil) 28\/01<br\/>178 Sesc Bauru (S.P, Brasil)<br\/>179 Sesc Bauru (S.P, Brasil)<br\/>180 Monte Holiday (Madrid)<br\/>181 Zumarraga (Gipuzkoa)<br\/>182 Bo\u00f1ar (Le\u00f3n)<br\/>183 Almassora (Castell\u00f3n)<br\/>184 Salinas de A\u00f1ana (\u00c1lva)<br\/>185 San Joan Mor\u00f3 (Castell\u00f3n)<br\/>186 Caldas da Rainha (Portugal)<br\/>187 Villanueva de Valdegovia (\u00c1lava)<br\/>188 Almaz\u00e1n (Soria)<br\/>189 Villama\u00f1an (Le\u00f3n)<br\/>190 Arcahueja (Le\u00f3n)<br\/>191 Torrelavega (Cantabria)<br\/>192 Requejo de la Vega (Le\u00f3n)<br\/>193 Festival \u201c Me Troncho de la Sierra (Ja\u00e9n)<br\/>194Festival \u201c Me Troncho de la Sierra (Ja\u00e9n)<br\/>195 Festival \u201c Me Troncho de la Sierra (Ja\u00e9n)<br\/>196 Festival \u201cArt in Rua\u201d (Tomar, Portugal)<br\/>197 Festival \u201cArt in Rua\u201d (Tomar, Portugal)<br\/>198 Murcia (Murcia)<br\/>199 Festival de la Hispanidad (Madrid)<br\/>200 Festival de la Hispanidad (Madrid)<\/p>\n<\/div><\/div>\n\n\n\n<div aria-labelledby=\"gspb-tab-item-btn-gsbp-41a4efe-2\" id=\"gspb-tab-item-content-gsbp-41a4efe-2\" role=\"tabpanel\" tabindex=\"0\" class=\"t-panel swiper-slide\"><div class=\"wp-block-greenshift-blocks-tab\">\n<p>146 Ribaforada (Navarra) 05\/02<br\/>147 Arrigorriaga, Festival de Payasos (Bizkaia) 07\/05<br\/>148 Cabreros del R\u00edo (Le\u00f3n) 07\/05<br\/>149 Fojedo del P\u00e1ramo (Le\u00f3n) 08\/05<br\/>150 Tres Puentes, Nanclares (\u00c1lava) 21\/05<br\/>151 Fika (Bizkaia) 29\/05<br\/>152\/153 Arroyo de la Encomienda, Festival Sin Tel\u00f3n (Valladolid) 05\/06<br\/>154 Monte Holiday (Madrid) 12\/06<br\/>155 Berantevilla (Araba) 18\/06<br\/>156 Burgos (C y Le\u00f3n) 30\/06<br\/>157 Laguna de Negrillos (Le\u00f3n) 02\/07<br\/>158 Intxaurrondo, Donostia (Gipuzkoa) 03\/07<br\/>159 Aramaio (Araba) 04\/07<br\/>160 Guare\u00f1a, Festival Transfronterizo (Badajoz) 08\/07<br\/>161 Gross, Donostia (Gipuzkoa) 14\/07<br\/>162 Alegria-Dulantzi (Araba) 21\/07<br\/>163 Pontevedra (Galicia) 04\/08<br\/>164 Matosinhios, Festival ART\u00b4inRua (Portugal) 05\/08<br\/>165 Villares de la Reina (Salamanca) 12\/08<br\/>166 Vilagarcia de Arousa, Festaclown (Galicia) 19\/08<br\/>167 Cervera de Pisuerga (Burgos) 21\/08<br\/>168 Ir\u00fan (Gipuzkoa) 28\/08<br\/>169 Zizur Mayor (Navarra) 02\/09<br\/>170 Galdakao (Bizkaia) 14\/09<br\/>171 Aia, Festival Fingira (Gipuzkoa) 01\/10<\/p>\n<\/div><\/div>\n\n\n\n<div aria-labelledby=\"gspb-tab-item-btn-gsbp-41a4efe-3\" id=\"gspb-tab-item-content-gsbp-41a4efe-3\" role=\"tabpanel\" tabindex=\"0\" class=\"t-panel swiper-slide\"><div class=\"wp-block-greenshift-blocks-tab\">\n<p>126 Barakaldo, BAJ (Bizkaia) 20\/04<br\/>127 Deba (Gipuzkoa) 30\/05<br\/>128 Villademor de la Vega (Le\u00f3n) 12\/06<br\/>129 Hernani (Gipuzkoa) 24\/06<br\/>130 Labastida (\u00c1lava) 03\/07<br\/>131 Gorliz (Bizkaia) 10\/07<br\/>132 Hendaya (Francia) 11\/07<br\/>133 Candelario (Salamanca) 31\/07<br\/>134 La Nava de San Ju\u00e1n (\u00c1vila) 08\/08<br\/>135 Gordoncillo, Festival de Payas@s (Le\u00f3n) 14\/08<br\/>136 Monte Holiday (Madrid) 21\/08<br\/>137 Setubal, Festival Mais Festa (Portugal) 23\/08<br\/>138 Rivas, Festaclown (Madrid) 04\/09<br\/>139 Le\u00f3n, Festival de Circo (Le\u00f3n) 04\/09<br\/>140 Miribilla (Bizkaia) 11\/09<br\/>141 Fresno de Cantespino (Segovia) 12\/09<br\/>142 Entrepayasaos, Zaragoza (Arag\u00f3n) 19\/09<br\/>143 Bergara (Gipuzkoa) 26\/09<br\/>144 San Vicente, Barakaldo (Bizkaia) 09\/10<br\/>145 Puerto Viejo, Algorta (Bizkaia) 21\/10<\/p>\n<\/div><\/div>\n\n\n\n<div aria-labelledby=\"gspb-tab-item-btn-gsbp-41a4efe-4\" id=\"gspb-tab-item-content-gsbp-41a4efe-4\" role=\"tabpanel\" tabindex=\"0\" class=\"t-panel swiper-slide\"><div class=\"wp-block-greenshift-blocks-tab\">\n<p>107\/118 Dubai Mall Festival (Emiratos \u00c1rabes Unidos) 14-19\/01<br\/>119 Ourense (Galicia) 07\/07<br\/>120 Laudio (\u00c1lava) 18\/07<br\/>121 Nanclares de la Oca (Araba) 19\/07<br\/>122 La Robla (Le\u00f3n) 22\/08<br\/>123 Astorga (Le\u00f3n) 29\/08\u00a0<br\/>124 Aretxabaleta (Gipuzkoa) 04\/10<br\/>125 Elgoibar (Gipuzkoa) 30\/12<\/p>\n<\/div><\/div>\n\n\n\n<div aria-labelledby=\"gspb-tab-item-btn-gsbp-41a4efe-5\" id=\"gspb-tab-item-content-gsbp-41a4efe-5\" role=\"tabpanel\" tabindex=\"0\" class=\"t-panel swiper-slide\"><div class=\"wp-block-greenshift-blocks-tab\">\n<p>70 Campinas (Brasil) 12\/01<br\/>71 Jundia\u00ed (Brasil) 13\/01<br\/>72\/75 Itaquera (SP, Brasil) 16-17-18-20\/01<br\/>76 Vila Mariana (Brasil) 25\/01<br\/>77 Sao Jose Dos Campos (Brasil) 27\/01<br\/>78 Francisco Morato (SP, Brasil) Circuito Sesc de Artes 29\/04<br\/>79 Itapev\u00ed (SP, Brasil) Circuito Sesc de Artes 30\/04<br\/>80 Parnaiba (SP, Brasil) Circuito Sesc de Artes 31\/04<br\/>81 Olimpia (SP, Brasil) Circuito Sesc de Artes 05\/04<br\/>82 Monte Alto (SP, Brasil) Circuito Sesc de Artes 06\/04<br\/>83 Ibir\u00e1 (SP, Brasil) Circuito Sesc de Artes 07\/04<br\/>84 Iracem\u00e1polis (SP, Brasil) Circuito Sesc de Artes 12\/04<br\/>85 Tiete (SP, Brasil) Circuito Sesc de Artes 13\/04<br\/>86 Arara (SP, Brasil) Circuito Sesc de Artes 14\/04<br\/>87 Villaquilambre (Le\u00f3n) 02\/05<br\/>88 Escolar Bilbao (Bizkaia) 21\/06<br\/>89 O\u00f1ati (Gipuzkoa) 22\/06<br\/>90 Monta\u00f1a, Zaragoza (arag\u00f3n) 28\/06<br\/>91 Munitibar (Bizkaia)\u00a0 30\/06<br\/>92 Movera, Zaragoza (Arag\u00f3n) 05\/07<br\/>93 S.J de Mozarrifar, Zaragoza (Arag\u00f3n) 12\/07<br\/>94 Elubarri, Sodupe (Bizkaia) 13\/07<br\/>95 Santurtzi (Bizkaia) 14\/07<br\/>96 Ordizia (Gipuzkoa) 25\/07<br\/>97 Vitoria-Gasteiz (Araba) 05\/08<br\/>98 Virgala Mayor,\u00a0 Festival de Teatro de Araia (Araba) 16\/08<br\/>99 Zubillaga, Festival de Teatro de Araia (Araba) 17\/08<br\/>100 Okondo, Festival de Teatro de Araia (Araba) 23\/08<br\/>101 Laudio, Festival de Teatro de Araia (Araba) 24\/08<br\/>102 Rivabellosa, Festival de Teatro de Araia (Araba) 25\/08<br\/>103 Reinosa (Cantabria) 30\/08<br\/>104 Bernedo, Festival de Teatro de Araia (Araba) 31\/08<br\/>105 Zestoa (Gipuzkoa) 08\/09<br\/>106 Zestoa (Gipuzkoa) 04\/10<\/p>\n<\/div><\/div>\n\n\n\n<div aria-labelledby=\"gspb-tab-item-btn-gsbp-41a4efe-6\" id=\"gspb-tab-item-content-gsbp-41a4efe-6\" role=\"tabpanel\" tabindex=\"0\" class=\"t-panel swiper-slide\"><div class=\"wp-block-greenshift-blocks-tab\">\n<p>38 Zaldibar (Bizkaia) 03\/01<br\/>39 Festival S\u00fabete a las Tablas (Melipilla-Chile) 22\/01<br\/>40 Festival S\u00fabete a las Tablas (Melipilla-Chile) 23\/01<br\/>41 Festival S\u00fabete a las Tablas (Melipilla-Chile) 24\/01<br\/>42 Festival de circo del ECUNHI (Bs As-Argentina) 17\/02<br\/>43 Centro cultural Leopoldo Marechal (Bs As-Argentina) 18\/03\u00a0<br\/>44 Ortuella (Bizkaia) 12\/05<br\/>45 Cabrerizos (Salamanca) 03\/06<br\/>46 Festival Kalez Kale Iurreta (Bizkaia) 15\/06<br\/>47 Festival de circo de 3 cantos (Madrid) 24\/06<br\/>48 Programaci\u00f3n a la Fresca (Zaragoza) 29\/06<br\/>49 Erandio Goikoa (Bizkaia) 06\/07<br\/>50 Berriz (Bizkaia) 13\/07<br\/>51 Santurtzi (Bizkaia) 15\/07<br\/>52 Festival Art\u00e9valo-Ar\u00e9valo (\u00c1vila) 20\/07<br\/>53 Festival Babakus Alcossebre (Castell\u00f3n) 21\/07<br\/>54 Almaz\u00e1n (soria) 23\/07<br\/>55 Las Navas del Marqu\u00e9z (\u00c1vila) 28\/07<br\/>56 Festival Marteatrando-Santa Marta de Tormes (Salamanca) 29\/07<br\/>57 Iru\u00f1a.Pamplona (Navarra) 01\/08<br\/>58 Festival Karavan Lit et Mixe (Francia) 09\/08<br\/>59 Festival Karavan Lit et Mixe (Francia) 10\/08<br\/>60 Festival Kalerik Kale Mundaka (Bizkaia) 01\/09<br\/>61 Galdames (Bizkaia) 01\/09<br\/>62 Festival del Ma\u00edz S. Mar\u00eda del Paramo (Le\u00f3n) 07\/09<br\/>63 Munitibar (Bizkaia) 09\/09<br\/>64 Basauri (Bizkaia) 13\/10<br\/>65 Caf\u00e9 de las Artes (Santander) 20\/10<br\/>66 Caf\u00e9 de las Artes (Santander) 21\/10\u00a0<br\/>67 Eradio (Bizkaia) 10\/11<br\/>68 Rio Grande do Sul (Brasil)<br\/>69 Rio Grande do Sul (Brasil)<\/p>\n<\/div><\/div>\n\n\n\n<div aria-labelledby=\"gspb-tab-item-btn-gsbp-41a4efe-7\" id=\"gspb-tab-item-content-gsbp-41a4efe-7\" role=\"tabpanel\" tabindex=\"0\" class=\"t-panel swiper-slide\"><div class=\"wp-block-greenshift-blocks-tab\">\n<p>1 y 2\u00a0 \u00a0Oiartzun (Gipuzkoa)\u00a0 03\/04<br\/>3 Circo Olmedo (Valladolid)\u00a0 12\/05<br\/>4 Otxarkoaga (Bilbao) 13\/05<br\/>5 Umore Azoka (Bizkaia)\u00a0 18\/05<br\/>6 Umore Azoka (Bizkaia) 19\/05<br\/>7 Ibarrekolanda Bilbao 27\/05<br\/>8 Do\u00f1a Casilda (Bilbao) 02\/06<br\/>9 Festival Zirkualde-Rekalde (Bilbao) 04\/06<br\/>10 Atxuri (Bilbao) 09\/06<br\/>11 La Pe\u00f1a (Bilbao) 23\/06<br\/>12 Basurto (Bilbao) 25\/06<br\/>13 Rekalde (Bilbao) 26\/06<br\/>14 Amarotz-Tolosa (Gipuzkoa) 28\/06<br\/>15 Sopelana (Bizkaia) 29\/06<br\/>16 Festival Dibertikale (Gasteiz) 12\/07<br\/>17 Grijotas (Palencia) 14\/07<br\/>18 Oiartzun (Gipuzkoa) 16\/07<br\/>19 Barakaldo (Bizkaia) 17\/07<br\/>20 Arrigorriaga (Bizkaia) 25\/07<br\/>21 Irun (Gipuzkoa) 29\/07<br\/>22 Gere\u00f1u (Alava) 15\/08<br\/>23 Venta de Ba\u00f1os (Palencia) 19\/08<br\/>24 Bilbao Aste Nagusia (Bizkaia) 22\/08<br\/>25 Desojo (Navarra) 25\/08<br\/>26 Mungia (Bizkaia) 01\/09<br\/>27 Festival Lacabanne des arts-Monein (Francia) 03\/09<br\/>28 Antiguo-Donosti (Gipuzkoa) 06\/09<br\/>29 Artzentales (Bizkaia) 16\/09<br\/>30 Jornadas de Teatro de Getxo (Bizkaia) 07\/10<br\/>31 Durango Bizkaia) 13\/10<br\/>32 Ataun (Gipuzkoa) 21\/10<br\/>33 \u00dabeba (Ja\u00e9n) 29\/10<br\/>34 Aiete.Donosti (Gipuzkoa) 13\/12<br\/>35 Ibaeta-Donosti (Gipuzkoa) 28\/12<br\/>36 Vitoria-Gasteiz (Alava) 29\/12<br\/>37 Tr\u00e1paga (Bizkaia) 30\/12<\/p>\n<\/div><\/div>\n\n\n\n<div aria-labelledby=\"gspb-tab-item-btn-gsbp-41a4efe-8\" id=\"gspb-tab-item-content-gsbp-41a4efe-8\" role=\"tabpanel\" tabindex=\"0\" class=\"t-panel swiper-slide\"><div class=\"wp-block-greenshift-blocks-tab\">\n<p>Tr\u00e1paga (Bizkaia) 04\/06<br\/>Encuentro de circo de Pradoluengo (Burgos) 18\/06\u00a0<br\/>Lemoa (Bizkaia) 28\/07<br\/>Donosti (Gipuzkoa) 20\/08<br\/>Atauri Art (Alava) 10\/09<br\/>Festival Karrik Arts-Lahonce (Francia) 01\/10<br\/>Encuentro Malabaria-Herrera de Pisuerga (Palencia 08\/10<br\/>Bagatza (Bizkaia) 12\/10<br\/>Fika (Bizkaia) 08\/11<br\/>Asvinenea (Gipuzkoa) 18\/11<\/p>\n<\/div><\/div>\n<\/div><\/div><\/div><\/div>\n<\/div>\n <\/div><\/div>\n<\/div>\n <\/div><\/div>\n","protected":false},"excerpt":{"rendered":"","protected":false},"author":2,"featured_media":0,"parent":0,"menu_order":0,"comment_status":"closed","ping_status":"closed","template":"","meta":{"_gspb_post_css":"@import url(\"https:\/\/fonts.googleapis.com\/css?family=Wendy+One\");#gspb_row-id-gsbp-68822e6{justify-content: space-between;margin-top: 0px;margin-bottom: 0px;display: flex;flex-wrap: wrap;}#gspb_row-id-gsbp-68822e6 > .gspb_row__content {display: flex;justify-content: space-between;margin: 0 auto;width: 100%;flex-wrap: wrap;}.gspb_row{position:relative;}div[id^=gspb_col-id]{box-sizing:border-box;position:relative;}div[id^=gspb_col-id]{padding:var(--gs-row-column-padding, 15px min(3vw, 20px));}#gspb_row-id-gsbp-68822e6 > .gspb_row__content{max-width:1200px;}#gspb_col-id-gsbp-5e3760c.gspb_row__col--12{width:100%;}@media (max-width: 575.98px){#gspb_col-id-gsbp-5e3760c.gspb_row__col--12{width:100%;}}#gspb_heading-id-gsbp-54ca235{font-weight:400;}#gspb_heading-id-gsbp-54ca235{font-family:Wendy One, sans-serif;}#gspb_heading-id-gsbp-54ca235{font-size:clamp(50px,3vw,75px);}@media (max-width: 767.98px){#gspb_heading-id-gsbp-54ca235{font-size:clamp(50px,3vw,75px);}}#gspb_heading-id-gsbp-54ca235, #gspb_heading-id-gsbp-54ca235 .gsap-g-line{text-align:center!important;}#gspb_heading-id-gsbp-54ca235{font-weight:normal!important;}@media (max-width: 767.98px){#gspb_heading-id-gsbp-54ca235{margin-top:0px;}}#gspb_row-id-gsbp-0797cb6{justify-content: space-between;margin-top: 0px;margin-bottom: 0px;display: flex;flex-wrap: wrap;}#gspb_row-id-gsbp-0797cb6 > .gspb_row__content {display: flex;justify-content: space-between;margin: 0 auto;width: 100%;flex-wrap: wrap;}.gspb_row{position:relative;}div[id^=gspb_col-id]{box-sizing:border-box;position:relative;}div[id^=gspb_col-id]{padding:var(--gs-row-column-padding, 15px min(3vw, 20px));}#gspb_row-id-gsbp-0797cb6 > .gspb_row__content{max-width:1100px;}#gspb_row-id-gsbp-0797cb6{padding-top:80px;padding-bottom:80px;}#gspb_col-id-gsbp-b8690f5.gspb_row__col--12{width:100%;}@media (max-width: 575.98px){#gspb_col-id-gsbp-b8690f5.gspb_row__col--12{width:100%;}}body.gspb-bodyfront #gspb_col-id-gsbp-b8690f5.gspb_row__col--12{ backdrop-filter: blur(14px); box-shadow: inset 0 0 0.5px 1px rgba(255,255,255,.075), 0 0 0 1px rgba(0,0,0,.05), 0 0.3px 0.4px rgba(0,0,0,.02), 0 0.9px 1.5px rgba(0,0,0,.045), 0 3.5px 6px rgba(0,0,0,.09) }#gspb_col-id-gsbp-b8690f5.gspb_row__col--12{border-top-left-radius:15px;border-top-right-radius:15px;border-bottom-right-radius:15px;border-bottom-left-radius:15px;}#gspb_col-id-gsbp-b8690f5.gspb_row__col--12 > .gspb_backgroundOverlay{border-top-left-radius:15px;border-top-right-radius:15px;border-bottom-right-radius:15px;border-bottom-left-radius:15px;}.gspb-tabs *{box-sizing: border-box !important}.t-btn-container{display:flex;flex-direction:row;width:100%;align-items:center;margin-bottom:-1px;flex-wrap:wrap}.t-btn-container .t-btn{background-origin: border-box;list-style:none;display:inline-flex;align-items:center;margin:0;padding:11px 24px;cursor:pointer;position:relative;transition:all .4s ease-in-out; font-size:20px}.t-btn-container .t-btn .tabsubtitle{font-size:70%;opacity:.7}.gstabs-tabs .t-btn{border:1px solid transparent;border-top-width:2px}.gstabs-tabs .t-btn:focus{outline:none;}.gstabs-tabs .t-btn.active{border-color:rgba(206,206,206,.4);border-bottom-color:#fff;background-color:#fff;color:#333}.t-panel-container .t-panel{opacity:0;overflow:hidden;display:none}.t-panel-container .t-panel.active{opacity:1;display:block!important}.t-panel-container{margin-bottom:25px;overflow:hidden; padding:30px}.gstabs-tabs .t-panel-container{border:1px solid rgba(206,206,206,.4);background-color:#fff}.t-btn-container ul{margin:0!important;padding:0!important}.gstabs-underline .t-btn-container .t-btn:after{position:absolute;bottom:0;left:0;content:'';height:3px;width:0;transition:width .5s,left .5s,right .5s;}.gstabs-underline .t-btn-container .t-btn.active:after{width:100%;left:0;right:0}.gstabs-pills .t-btn-container .t-btn{margin:0 10px;border:1px solid transparent}.gstabs-vertical{display:flex}.gstabs-vertical .t-btn-container{display:block;width:150px}.gstabs-vertical .t-btn-container .t-btn{margin-bottom:10px;width:150px; border:1px solid transparent}.gstabs-vertical .t-panel-container{flex-grow:1}.t-btn-container .t-btn .gs-image{flex-grow:inherit;}.t-btn-container .t-btn img{margin:0;height:25px;min-width:auto}@keyframes gcwidthleftright{0%{width:0%}100%{width:100%}}@keyframes gcslidefromtop{0%{transform:translateY(-10px);opacity:0}100%{transform:translateY(0);opacity:1}}@media (max-width: 575.98px){body .tabscroll .t-btn-container{overflow-x:scroll;flex-wrap:nowrap;scroll-behavior:smooth;scroll-snap-type:x mandatory;width: 100% !important;white-space: nowrap;display:block; padding-bottom:15px}.tabscroll .t-btn-container .t-btn{scroll-snap-align:start;white-space: nowrap;width: auto !important;margin-right: 10px;}.tabscroll .t-btn-container .t-btn.active{box-shadow:none!important}.gstabs-vertical{display:block !important}.gstabs-vertical .t-panel-container{margin-top:25px}.t-btn-container .t-btn{font-size:15px}}.gswipertabs{overflow:hidden}.t-panel-container .t-panel{width:100%}.t-panel-container p:last-of-type{margin-bottom:0}@media screen and (max-width:550px){ .gspb_tabs-id-gsbp-41a4efe .t-btn-container{ height: fit-content; position: sticky; top: 50px; } } .gspb_tabs-id-gsbp-41a4efe .t-btn{ backdrop-filter: blur(14px); box-shadow: inset 0 0 0.5px 1px rgba(255,255,255,.075), 0 0 0 1px rgba(0,0,0,.05), 0 0.3px 0.4px rgba(0,0,0,.02), 0 0.9px 1.5px rgba(0,0,0,.045), 0 3.5px 6px rgba(0,0,0,.09) } .gspb_tabs-id-gsbp-41a4efe .t-btn-container .t-btn{justify-content: center}.gspb_tabs-id-gsbp-41a4efe .t-btn-container{justify-content: center}.gspb_tabs-id-gsbp-41a4efe > .t-btn-container > .t-btn{margin-bottom:calc(10px);border-radius:2px;width:150px !important}.gspb_tabs-id-gsbp-41a4efe > .t-btn-container{width:150px !important}.gspb_tabs-id-gsbp-41a4efe > .t-btn-container > .t-btn{background-color: #f5f5f5}.gspb_tabs-id-gsbp-41a4efe > .t-btn-container > .t-btn.active{background-color: #e5e5e5}.gspb_tabs-id-gsbp-41a4efe> .t-btn-container > .t-btn{background-color:#ffffff;}.gspb_tabs-id-gsbp-41a4efe> .t-btn-container > .t-btn{border-top-left-radius:7px;border-top-right-radius:7px;border-bottom-right-radius:7px;border-bottom-left-radius:7px;}.gspb_tabs-id-gsbp-41a4efe> .t-btn-container > .t-btn, .gspb_tabs-id-gsbp-41a4efe> .t-btn-container > .t-btn .gsap-g-line{text-align:center!important;}.gspb_tabs-id-gsbp-41a4efe> .t-btn-container > .t-btn{color:#000000;}.gspb_tabs-id-gsbp-41a4efe> .t-btn-container > .t-btn.active{background-image:linear-gradient(135deg,rgb(195,107,45) 0%,rgb(255,121,64) 100%);}.gspb_tabs-id-gsbp-41a4efe> .t-btn-container > .t-btn.active{border-top-left-radius:7;border-top-right-radius:7;border-bottom-right-radius:7;border-bottom-left-radius:7;}.gspb_tabs-id-gsbp-41a4efe> .t-btn-container > .t-btn.active{font-weight:bold!important;}.gspb_tabs-id-gsbp-41a4efe> .t-btn-container > .t-btn.active{color:#ffffff;}.gspb_tabs-id-gsbp-41a4efe .t-btn-container .t-btn{gap:10px}","footnotes":""},"class_list":["post-539","page","type-page","status-publish"],"_links":{"self":[{"href":"https:\/\/trotamundoscirco.com\/eu\/wp-json\/wp\/v2\/pages\/539","targetHints":{"allow":["GET"]}}],"collection":[{"href":"https:\/\/trotamundoscirco.com\/eu\/wp-json\/wp\/v2\/pages"}],"about":[{"href":"https:\/\/trotamundoscirco.com\/eu\/wp-json\/wp\/v2\/types\/page"}],"author":[{"embeddable":true,"href":"https:\/\/trotamundoscirco.com\/eu\/wp-json\/wp\/v2\/users\/2"}],"replies":[{"embeddable":true,"href":"https:\/\/trotamundoscirco.com\/eu\/wp-json\/wp\/v2\/comments?post=539"}],"version-history":[{"count":1,"href":"https:\/\/trotamundoscirco.com\/eu\/wp-json\/wp\/v2\/pages\/539\/revisions"}],"predecessor-version":[{"id":1346,"href":"https:\/\/trotamundoscirco.com\/eu\/wp-json\/wp\/v2\/pages\/539\/revisions\/1346"}],"wp:attachment":[{"href":"https:\/\/trotamundoscirco.com\/eu\/wp-json\/wp\/v2\/media?parent=539"}],"curies":[{"name":"wp","href":"https:\/\/api.w.org\/{rel}","templated":true}]}}